{"id":11,"date":"2020-12-21T00:49:07","date_gmt":"2020-12-20T23:49:07","guid":{"rendered":"https:\/\/neu.arkona-bahn.de\/?page_id=11"},"modified":"2026-04-14T11:21:37","modified_gmt":"2026-04-14T09:21:37","slug":"fahrpreise","status":"publish","type":"page","link":"https:\/\/arkona-bahn.de\/index.php\/fahrpreise\/","title":{"rendered":"Fahrpreise"},"content":{"rendered":"\n<figure class=\"wp-block-table aligncenter is-style-regular\"><table class=\"has-fixed-layout\"><thead><tr><th>Farten<\/th><th class=\"has-text-align-right\" data-align=\"right\">Kinder<\/th><th class=\"has-text-align-right\" data-align=\"right\">Erwachsene<\/th><\/tr><\/thead><tbody><tr><td>eine Fahrt (Parkplatz &#8211; Arkona oder Parkplatz &#8211; Vitt)<\/td><td class=\"has-text-align-right\" data-align=\"right\">2&nbsp;EUR<\/td><td class=\"has-text-align-right\" data-align=\"right\">4&nbsp;EUR<\/td><\/tr><tr><td>Kombiticket (Parkplatz &#8211; Arkona und Vitt)<\/td><td class=\"has-text-align-right\" data-align=\"right\">3&nbsp;EUR<\/td><td class=\"has-text-align-right\" data-align=\"right\">6 EUR<\/td><\/tr><tr><td><\/td><td class=\"has-text-align-right\" data-align=\"right\"><\/td><td class=\"has-text-align-right\" data-align=\"right\"><\/td><\/tr><\/tbody><\/table><\/figure>\n\n\n\n<p>* Kinder von 5 bis 12 Jahre<br>* Kinder bis 4 Jahre fahren kostenlos<\/p>\n\n\n\n<p>* <strong>Hunde d\u00fcrfen mitfahren (gr\u00f6\u00dfere Hunde sind kostenpflichtig)<\/strong><\/p>\n\n\n\n<p><br>* <strong>Reisegruppen sollten sich immer anmelden, damit gen\u00fcgend Kapazit\u00e4ten bereit stehen.<\/strong><br>Gruppen ab 15 Personen erhalten 10 % Erm\u00e4\u00dfigung auf die Gesamtsumme, wenn der Reiseleiter f\u00fcr die Gruppe zusammen bezahlt.<\/p>\n\n\n\n<p>Am 24.12. findet kein Pendelverkehr statt. In den verkehrsschwachen Zeiten (15.11.-15.3.) f\u00e4hrt nur eine Bahn mit 47 Pl\u00e4tzen. <\/p>\n","protected":false},"excerpt":{"rendered":"<p>Farten Kinder Erwachsene eine Fahrt (Parkplatz &#8211; Arkona oder Parkplatz &#8211; Vitt) 2&nbsp;EUR 4&nbsp;EUR Kombiticket (Parkplatz &#8211; Arkona und Vitt) 3&nbsp;EUR 6 EUR * Kinder von 5 bis 12 Jahre* Kinder bis 4 Jahre fahren kostenlos * Hunde d\u00fcrfen mitfahren (gr\u00f6\u00dfere Hunde sind kostenpflichtig) * Reisegruppen sollten sich immer anmelden, damit gen\u00fcgend Kapazit\u00e4ten bereit stehen.Gruppen&hellip; <br \/> <a class=\"read-more\" href=\"https:\/\/arkona-bahn.de\/index.php\/fahrpreise\/\">Weiterlesen<\/a><\/p>\n","protected":false},"author":1,"featured_media":0,"parent":0,"menu_order":0,"comment_status":"closed","ping_status":"closed","template":"","meta":[],"_links":{"self":[{"href":"https:\/\/arkona-bahn.de\/index.php\/wp-json\/wp\/v2\/pages\/11"}],"collection":[{"href":"https:\/\/arkona-bahn.de\/index.php\/wp-json\/wp\/v2\/pages"}],"about":[{"href":"https:\/\/arkona-bahn.de\/index.php\/wp-json\/wp\/v2\/types\/page"}],"author":[{"embeddable":true,"href":"https:\/\/arkona-bahn.de\/index.php\/wp-json\/wp\/v2\/users\/1"}],"replies":[{"embeddable":true,"href":"https:\/\/arkona-bahn.de\/index.php\/wp-json\/wp\/v2\/comments?post=11"}],"version-history":[{"count":26,"href":"https:\/\/arkona-bahn.de\/index.php\/wp-json\/wp\/v2\/pages\/11\/revisions"}],"predecessor-version":[{"id":353,"href":"https:\/\/arkona-bahn.de\/index.php\/wp-json\/wp\/v2\/pages\/11\/revisions\/353"}],"wp:attachment":[{"href":"https:\/\/arkona-bahn.de\/index.php\/wp-json\/wp\/v2\/media?parent=11"}],"curies":[{"name":"wp","href":"https:\/\/api.w.org\/{rel}","templated":true}]}}