{"id":15,"date":"2020-12-21T00:50:32","date_gmt":"2020-12-20T23:50:32","guid":{"rendered":"https:\/\/neu.arkona-bahn.de\/?page_id=15"},"modified":"2025-02-25T13:02:15","modified_gmt":"2025-02-25T12:02:15","slug":"anfahrt","status":"publish","type":"page","link":"https:\/\/arkona-bahn.de\/index.php\/anfahrt\/","title":{"rendered":"Anfahrt"},"content":{"rendered":"\n<p><strong>Anfahrt mit dem Auto<\/strong><\/p>\n\n\n\n<ul><li>Adresse f\u00fcrs Navi: Putgarten1, 18556 Putgarten, Deutschland.<\/li><li>Von Sassnitz Folge der B96 in Richtung Bergen auf R\u00fcgen. Biege dann auf die L30 in Richtung Putgarten ab.<\/li><li>Von Bergen auf R\u00fcgen nimm die L30 in Richtung Putgarten.<\/li><li>Nach der Ankunft in Putgarten wird das Auto auf einem gro\u00dfen Besucherparkplatz abgestellt.<\/li><li>Vom Parkplatz aus k\u00f6nnen Sie dann die Kap Arkona Bahn nutzen.<\/li><\/ul>\n\n\n\n<p><strong>Anfahrt mit \u00f6ffentlichen Verkehrsmitteln<\/strong><\/p>\n\n\n\n<ul><li>Es gibt Busverbindungen, die Putgarten anfahren. Informiere dich \u00fcber die aktuellen Fahrpl\u00e4ne der R\u00fcgener Personennahverkehrsgesellschaft (VVR), um die besten Verbindungen zu finden.<\/li><li>Die Haltestelle Putgarten befindet sich in der N\u00e4he der Kap-Arkona-Bahn.<\/li><\/ul>\n","protected":false},"excerpt":{"rendered":"<p>Anfahrt mit dem Auto Adresse f\u00fcrs Navi: Putgarten1, 18556 Putgarten, Deutschland. Von Sassnitz Folge der B96 in Richtung Bergen auf R\u00fcgen. Biege dann auf die L30 in Richtung Putgarten ab. Von Bergen auf R\u00fcgen nimm die L30 in Richtung Putgarten. Nach der Ankunft in Putgarten wird das Auto auf einem gro\u00dfen Besucherparkplatz abgestellt. Vom Parkplatz&hellip; <br \/> <a class=\"read-more\" href=\"https:\/\/arkona-bahn.de\/index.php\/anfahrt\/\">Weiterlesen<\/a><\/p>\n","protected":false},"author":1,"featured_media":0,"parent":0,"menu_order":0,"comment_status":"closed","ping_status":"closed","template":"","meta":[],"_links":{"self":[{"href":"https:\/\/arkona-bahn.de\/index.php\/wp-json\/wp\/v2\/pages\/15"}],"collection":[{"href":"https:\/\/arkona-bahn.de\/index.php\/wp-json\/wp\/v2\/pages"}],"about":[{"href":"https:\/\/arkona-bahn.de\/index.php\/wp-json\/wp\/v2\/types\/page"}],"author":[{"embeddable":true,"href":"https:\/\/arkona-bahn.de\/index.php\/wp-json\/wp\/v2\/users\/1"}],"replies":[{"embeddable":true,"href":"https:\/\/arkona-bahn.de\/index.php\/wp-json\/wp\/v2\/comments?post=15"}],"version-history":[{"count":2,"href":"https:\/\/arkona-bahn.de\/index.php\/wp-json\/wp\/v2\/pages\/15\/revisions"}],"predecessor-version":[{"id":259,"href":"https:\/\/arkona-bahn.de\/index.php\/wp-json\/wp\/v2\/pages\/15\/revisions\/259"}],"wp:attachment":[{"href":"https:\/\/arkona-bahn.de\/index.php\/wp-json\/wp\/v2\/media?parent=15"}],"curies":[{"name":"wp","href":"https:\/\/api.w.org\/{rel}","templated":true}]}}