{"id":17,"date":"2020-12-21T00:52:51","date_gmt":"2020-12-20T23:52:51","guid":{"rendered":"https:\/\/neu.arkona-bahn.de\/?page_id=17"},"modified":"2025-02-25T13:45:11","modified_gmt":"2025-02-25T12:45:11","slug":"routen","status":"publish","type":"page","link":"https:\/\/arkona-bahn.de\/index.php\/routen\/","title":{"rendered":"Routen"},"content":{"rendered":"\n<p>Eine Bahn f\u00e4hrt vom Parkplatz Putgarten zum Kap Arkona und eine Bahn f\u00e4hrt zum Fischerdorf nach Vitt. Die Bahnen fahren im Pendelverkehr.<br><br>Zwischen Kap Arkona und dem Fischerdorf Vitt gibt<br>es einen Wanderweg von 1,2 km.<br><br>Die Fahrzeiten der Bahnen richten sich nach den G\u00e4stezahlen. Auch die Anzahl der Bahnen richten sich nach den G\u00e4stezahlen.<br><br>In den Wintermonaten f\u00e4hrt nur eine Bahn und f\u00e4hrt dann Halbst\u00fcndlich zum Kap Arkona und st\u00fcndlich zum Fischerdorf Vitt<\/p>\n\n\n\n<h2>Route 1<\/h2>\n\n\n\n<h3>Parkplatz Putgarten &#8211; Kap-Arkona<\/h3>\n\n\n\n<figure class=\"wp-block-image size-large\"><img loading=\"lazy\" width=\"800\" height=\"600\" src=\"https:\/\/neu.arkona-bahn.de\/wp-content\/uploads\/2020\/12\/Route1.jpg\" alt=\"\" class=\"wp-image-148\" srcset=\"https:\/\/arkona-bahn.de\/wp-content\/uploads\/2020\/12\/Route1.jpg 800w, https:\/\/arkona-bahn.de\/wp-content\/uploads\/2020\/12\/Route1-300x225.jpg 300w, https:\/\/arkona-bahn.de\/wp-content\/uploads\/2020\/12\/Route1-768x576.jpg 768w\" sizes=\"(max-width: 800px) 100vw, 800px\" \/><\/figure>\n\n\n\n<h2>Route 2<\/h2>\n\n\n\n<h3><strong>Parkplatz Putgarten &#8211; Vitt<\/strong><\/h3>\n\n\n\n<figure class=\"wp-block-image size-large\"><img loading=\"lazy\" width=\"800\" height=\"600\" src=\"https:\/\/neu.arkona-bahn.de\/wp-content\/uploads\/2020\/12\/Route2.jpg\" alt=\"\" class=\"wp-image-150\" srcset=\"https:\/\/arkona-bahn.de\/wp-content\/uploads\/2020\/12\/Route2.jpg 800w, https:\/\/arkona-bahn.de\/wp-content\/uploads\/2020\/12\/Route2-300x225.jpg 300w, https:\/\/arkona-bahn.de\/wp-content\/uploads\/2020\/12\/Route2-768x576.jpg 768w\" sizes=\"(max-width: 800px) 100vw, 800px\" \/><\/figure>\n","protected":false},"excerpt":{"rendered":"<p>Eine Bahn f\u00e4hrt vom Parkplatz Putgarten zum Kap Arkona und eine Bahn f\u00e4hrt zum Fischerdorf nach Vitt. Die Bahnen fahren im Pendelverkehr. Zwischen Kap Arkona und dem Fischerdorf Vitt gibtes einen Wanderweg von 1,2 km. Die Fahrzeiten der Bahnen richten sich nach den G\u00e4stezahlen. Auch die Anzahl der Bahnen richten sich nach den G\u00e4stezahlen. In&hellip; <br \/> <a class=\"read-more\" href=\"https:\/\/arkona-bahn.de\/index.php\/routen\/\">Weiterlesen<\/a><\/p>\n","protected":false},"author":1,"featured_media":0,"parent":0,"menu_order":0,"comment_status":"closed","ping_status":"closed","template":"","meta":[],"_links":{"self":[{"href":"https:\/\/arkona-bahn.de\/index.php\/wp-json\/wp\/v2\/pages\/17"}],"collection":[{"href":"https:\/\/arkona-bahn.de\/index.php\/wp-json\/wp\/v2\/pages"}],"about":[{"href":"https:\/\/arkona-bahn.de\/index.php\/wp-json\/wp\/v2\/types\/page"}],"author":[{"embeddable":true,"href":"https:\/\/arkona-bahn.de\/index.php\/wp-json\/wp\/v2\/users\/1"}],"replies":[{"embeddable":true,"href":"https:\/\/arkona-bahn.de\/index.php\/wp-json\/wp\/v2\/comments?post=17"}],"version-history":[{"count":2,"href":"https:\/\/arkona-bahn.de\/index.php\/wp-json\/wp\/v2\/pages\/17\/revisions"}],"predecessor-version":[{"id":151,"href":"https:\/\/arkona-bahn.de\/index.php\/wp-json\/wp\/v2\/pages\/17\/revisions\/151"}],"wp:attachment":[{"href":"https:\/\/arkona-bahn.de\/index.php\/wp-json\/wp\/v2\/media?parent=17"}],"curies":[{"name":"wp","href":"https:\/\/api.w.org\/{rel}","templated":true}]}}