{"id":186,"date":"2021-01-11T11:09:15","date_gmt":"2021-01-11T10:09:15","guid":{"rendered":"https:\/\/neu.arkona-bahn.de\/?page_id=186"},"modified":"2021-06-04T13:35:11","modified_gmt":"2021-06-04T11:35:11","slug":"impressum","status":"publish","type":"page","link":"https:\/\/arkona-bahn.de\/index.php\/impressum\/","title":{"rendered":"Impressum"},"content":{"rendered":"\n<p>Angaben gem\u00e4\u00df \u00a75 TMG:<\/p>\n\n\n\n<p>Kap-Arkona-Bahn GmbH &amp; Co.KG<\/p>\n\n\n\n<p>Am Sportplatz 2<\/p>\n\n\n\n<p>18556 Fernl\u00fcttkevitz<\/p>\n\n\n\n<p>Deutschland<\/p>\n\n\n\n<p>Tel.: 038391 &#8211; 13 2 13<\/p>\n\n\n\n<p>E-Mail: kaparkonabahn@gmail.com<\/p>\n\n\n\n<p>Steuernummer: 082 \/ 188 \/ 01804<\/p>\n\n\n\n<p>Ust-ID Nr.: DE243747039<\/p>\n\n\n\n<p>HRA: 1795<\/p>\n\n\n\n<p>Gesch\u00e4ftsf\u00fchrer: Lars R\u00f6del<\/p>\n\n\n\n<p><\/p>\n","protected":false},"excerpt":{"rendered":"<p>Angaben gem\u00e4\u00df \u00a75 TMG: Kap-Arkona-Bahn GmbH &amp; Co.KG Am Sportplatz 2 18556 Fernl\u00fcttkevitz Deutschland Tel.: 038391 &#8211; 13 2 13 E-Mail: kaparkonabahn@gmail.com Steuernummer: 082 \/ 188 \/ 01804 Ust-ID Nr.: DE243747039 HRA: 1795 Gesch\u00e4ftsf\u00fchrer: Lars R\u00f6del<\/p>\n","protected":false},"author":1,"featured_media":0,"parent":0,"menu_order":0,"comment_status":"closed","ping_status":"closed","template":"","meta":[],"_links":{"self":[{"href":"https:\/\/arkona-bahn.de\/index.php\/wp-json\/wp\/v2\/pages\/186"}],"collection":[{"href":"https:\/\/arkona-bahn.de\/index.php\/wp-json\/wp\/v2\/pages"}],"about":[{"href":"https:\/\/arkona-bahn.de\/index.php\/wp-json\/wp\/v2\/types\/page"}],"author":[{"embeddable":true,"href":"https:\/\/arkona-bahn.de\/index.php\/wp-json\/wp\/v2\/users\/1"}],"replies":[{"embeddable":true,"href":"https:\/\/arkona-bahn.de\/index.php\/wp-json\/wp\/v2\/comments?post=186"}],"version-history":[{"count":3,"href":"https:\/\/arkona-bahn.de\/index.php\/wp-json\/wp\/v2\/pages\/186\/revisions"}],"predecessor-version":[{"id":193,"href":"https:\/\/arkona-bahn.de\/index.php\/wp-json\/wp\/v2\/pages\/186\/revisions\/193"}],"wp:attachment":[{"href":"https:\/\/arkona-bahn.de\/index.php\/wp-json\/wp\/v2\/media?parent=186"}],"curies":[{"name":"wp","href":"https:\/\/api.w.org\/{rel}","templated":true}]}}